{"id":6133,"date":"2016-07-11T10:02:01","date_gmt":"2016-07-11T13:02:01","guid":{"rendered":"http:\/\/iturrospe.com.ar\/?page_id=6133"},"modified":"2024-01-19T22:49:40","modified_gmt":"2024-01-20T01:49:40","slug":"empresa","status":"publish","type":"page","link":"https:\/\/iturrospe.com.ar\/en\/empresa\/","title":{"rendered":"Company"},"content":{"rendered":"<div class=\"wpb-content-wrapper\"><p>[vc_row css_animation=&#8221;fadeIn&#8221; woodmart_stretch_content=&#8221;section-stretch&#8221; row_type=&#8221;row&#8221; use_row_as_full_screen_section=&#8221;no&#8221; type=&#8221;full_width&#8221; text_align=&#8221;center&#8221; use_as_box=&#8221;use_row_as_box&#8221; background_color=&#8221;#005288&#8243; padding_top=&#8221;20&#8243; padding_bottom=&#8221;50&#8243; box_shadow_on_row=&#8221;no&#8221; css=&#8221;.vc_custom_1705714769313{padding-top: 40px !important;padding-bottom: 40px !important;background-color: #005288 !important;}&#8221; woodmart_css_id=&#8221;65ab2449be043&#8243; responsive_spacing=&#8221;eyJwYXJhbV90eXBlIjoid29vZG1hcnRfcmVzcG9uc2l2ZV9zcGFjaW5nIiwic2VsZWN0b3JfaWQiOiI2NWFiMjQ0OWJlMDQzIiwic2hvcnRjb2RlIjoidmNfcm93IiwiZGF0YSI6eyJ0YWJsZXQiOnt9LCJtb2JpbGUiOnt9fX0=&#8221; mobile_bg_img_hidden=&#8221;no&#8221; tablet_bg_img_hidden=&#8221;no&#8221; woodmart_parallax=&#8221;0&#8243; woodmart_gradient_switch=&#8221;no&#8221; woodmart_box_shadow=&#8221;no&#8221; wd_z_index=&#8221;no&#8221; woodmart_disable_overflow=&#8221;0&#8243; row_reverse_mobile=&#8221;0&#8243; row_reverse_tablet=&#8221;0&#8243;][vc_column][vc_column_text woodmart_color_scheme=&#8221;light&#8221; el_class=&#8221;texto-destacado&#8221; woodmart_inline=&#8221;no&#8221; text_larger=&#8221;no&#8221;]<\/p>\n<p style=\"text-align: center;\">The company was founded in 1950 in Rosario, Argentina by Mr. Jose Iturrospe, who designed and manufactured the country\u2019s first Hydraulic Press for the manufacture of tiles.<br \/>\nAll our machines, surpassing 2500 units over 73 years of innovative designs, have been designed according to customer specifications. In addition to being all around our country, our machines<br \/>\nare installed throughout South America, as well as Canada, USA, Mexico and Tunisia.<\/p>\n<p>[\/vc_column_text][\/vc_column][\/vc_row][vc_row css_animation=&#8221;element_from_fade&#8221; woodmart_stretch_content=&#8221;section-stretch&#8221; row_type=&#8221;row&#8221; use_row_as_full_screen_section=&#8221;yes&#8221; type=&#8221;full_width&#8221; text_align=&#8221;left&#8221; use_as_box=&#8221;use_row_as_box&#8221; background_color=&#8221;#d3dbe8&#8243; transition_delay=&#8221;1000&#8243; box_shadow_on_row=&#8221;no&#8221; css=&#8221;.vc_custom_1705714543197{background-color: #d3dbe8 !important;}&#8221; woodmart_css_id=&#8221;65ab236a60a54&#8243; responsive_spacing=&#8221;eyJwYXJhbV90eXBlIjoid29vZG1hcnRfcmVzcG9uc2l2ZV9zcGFjaW5nIiwic2VsZWN0b3JfaWQiOiI2NWFiMjM2YTYwYTU0Iiwic2hvcnRjb2RlIjoidmNfcm93IiwiZGF0YSI6eyJ0YWJsZXQiOnt9LCJtb2JpbGUiOnt9fX0=&#8221; mobile_bg_img_hidden=&#8221;no&#8221; tablet_bg_img_hidden=&#8221;no&#8221; woodmart_parallax=&#8221;0&#8243; woodmart_gradient_switch=&#8221;no&#8221; woodmart_box_shadow=&#8221;no&#8221; wd_z_index=&#8221;no&#8221; woodmart_disable_overflow=&#8221;0&#8243; row_reverse_mobile=&#8221;0&#8243; row_reverse_tablet=&#8221;0&#8243;][vc_column][vc_row_inner row_type=&#8221;row&#8221; type=&#8221;full_width&#8221; use_row_as_full_screen_section_slide=&#8221;no&#8221; text_align=&#8221;left&#8221; css_animation=&#8221;&#8221; box_shadow_on_row=&#8221;no&#8221;][vc_column_inner width=&#8221;1\/2&#8243;][vc_column_text]<\/p>\n<p style=\"text-align: right;\"><span style=\"font-size: 600%;\"><strong>1950<\/strong><\/span><\/p>\n<p>[\/vc_column_text][vc_column_text woodmart_inline=&#8221;no&#8221; text_larger=&#8221;no&#8221;]<\/p>\n<h4 style=\"text-align: right;\"><strong>First Hydraulic Press.<\/strong><\/h4>\n<p>[\/vc_column_text][\/vc_column_inner][vc_column_inner width=&#8221;1\/2&#8243;][vc_single_image image=&#8221;6554&#8243; img_size=&#8221;medium&#8221; mkd_css_animation=&#8221;&#8221;][\/vc_column_inner][\/vc_row_inner][\/vc_column][\/vc_row][vc_row css_animation=&#8221;element_from_fade&#8221; woodmart_stretch_content=&#8221;section-stretch&#8221; row_type=&#8221;row&#8221; use_row_as_full_screen_section=&#8221;yes&#8221; type=&#8221;full_width&#8221; text_align=&#8221;left&#8221; use_as_box=&#8221;use_row_as_box&#8221; background_color=&#8221;#bbc4ce&#8221; transition_delay=&#8221;1000&#8243; box_shadow_on_row=&#8221;no&#8221; css=&#8221;.vc_custom_1705714656616{background-color: #bbc4ce !important;}&#8221; woodmart_css_id=&#8221;65ab23d9aa753&#8243; responsive_spacing=&#8221;eyJwYXJhbV90eXBlIjoid29vZG1hcnRfcmVzcG9uc2l2ZV9zcGFjaW5nIiwic2VsZWN0b3JfaWQiOiI2NWFiMjNkOWFhNzUzIiwic2hvcnRjb2RlIjoidmNfcm93IiwiZGF0YSI6eyJ0YWJsZXQiOnt9LCJtb2JpbGUiOnt9fX0=&#8221; mobile_bg_img_hidden=&#8221;no&#8221; tablet_bg_img_hidden=&#8221;no&#8221; woodmart_parallax=&#8221;0&#8243; woodmart_gradient_switch=&#8221;no&#8221; woodmart_box_shadow=&#8221;no&#8221; wd_z_index=&#8221;no&#8221; woodmart_disable_overflow=&#8221;0&#8243; row_reverse_mobile=&#8221;0&#8243; row_reverse_tablet=&#8221;0&#8243;][vc_column][vc_row_inner row_type=&#8221;row&#8221; type=&#8221;full_width&#8221; use_row_as_full_screen_section_slide=&#8221;no&#8221; text_align=&#8221;left&#8221; css_animation=&#8221;&#8221; box_shadow_on_row=&#8221;no&#8221;][vc_column_inner width=&#8221;1\/2&#8243;][vc_single_image image=&#8221;6566&#8243; img_size=&#8221;medium&#8221; alignment=&#8221;right&#8221; mkd_css_animation=&#8221;&#8221;][\/vc_column_inner][vc_column_inner width=&#8221;1\/2&#8243;][vc_column_text]<span style=\"font-size: 600%;\"><strong>1960<\/strong><\/span>[\/vc_column_text][vc_column_text woodmart_inline=&#8221;no&#8221; text_larger=&#8221;no&#8221;]<\/p>\n<h4><strong>First export,<br \/>\na 400 Ton. Hydraulic Press.<\/strong><\/h4>\n<p>[\/vc_column_text][\/vc_column_inner][\/vc_row_inner][\/vc_column][\/vc_row][vc_row css_animation=&#8221;element_from_fade&#8221; woodmart_stretch_content=&#8221;section-stretch&#8221; row_type=&#8221;row&#8221; use_row_as_full_screen_section=&#8221;yes&#8221; type=&#8221;full_width&#8221; text_align=&#8221;left&#8221; use_as_box=&#8221;use_row_as_box&#8221; background_color=&#8221;#d3dbe8&#8243; transition_delay=&#8221;1000&#8243; box_shadow_on_row=&#8221;no&#8221; css=&#8221;.vc_custom_1705714563079{background-color: #d3dbe8 !important;}&#8221; woodmart_css_id=&#8221;65ab237bdace6&#8243; responsive_spacing=&#8221;eyJwYXJhbV90eXBlIjoid29vZG1hcnRfcmVzcG9uc2l2ZV9zcGFjaW5nIiwic2VsZWN0b3JfaWQiOiI2NWFiMjM3YmRhY2U2Iiwic2hvcnRjb2RlIjoidmNfcm93IiwiZGF0YSI6eyJ0YWJsZXQiOnt9LCJtb2JpbGUiOnt9fX0=&#8221; mobile_bg_img_hidden=&#8221;no&#8221; tablet_bg_img_hidden=&#8221;no&#8221; woodmart_parallax=&#8221;0&#8243; woodmart_gradient_switch=&#8221;no&#8221; woodmart_box_shadow=&#8221;no&#8221; wd_z_index=&#8221;no&#8221; woodmart_disable_overflow=&#8221;0&#8243; row_reverse_mobile=&#8221;0&#8243; row_reverse_tablet=&#8221;0&#8243;][vc_column][vc_row_inner row_type=&#8221;row&#8221; type=&#8221;full_width&#8221; use_row_as_full_screen_section_slide=&#8221;no&#8221; text_align=&#8221;left&#8221; css_animation=&#8221;&#8221; box_shadow_on_row=&#8221;no&#8221;][vc_column_inner width=&#8221;1\/2&#8243;][vc_column_text]<\/p>\n<p style=\"text-align: right;\"><span style=\"font-size: 600%;\"><strong>1971<\/strong><\/span><\/p>\n<p>[\/vc_column_text][vc_column_text woodmart_inline=&#8221;no&#8221; text_larger=&#8221;no&#8221;]<\/p>\n<h4 style=\"text-align: right;\"><strong>First Hydraulic Press Brake<br \/>\nmanufactured in Argentina.<\/strong><\/h4>\n<p>[\/vc_column_text][\/vc_column_inner][vc_column_inner width=&#8221;1\/2&#8243;][vc_single_image image=&#8221;6559&#8243; img_size=&#8221;medium&#8221; mkd_css_animation=&#8221;&#8221;][\/vc_column_inner][\/vc_row_inner][\/vc_column][\/vc_row][vc_row css_animation=&#8221;element_from_fade&#8221; woodmart_stretch_content=&#8221;section-stretch&#8221; row_type=&#8221;row&#8221; use_row_as_full_screen_section=&#8221;yes&#8221; type=&#8221;full_width&#8221; text_align=&#8221;left&#8221; use_as_box=&#8221;use_row_as_box&#8221; background_color=&#8221;#bbc4ce&#8221; transition_delay=&#8221;1000&#8243; box_shadow_on_row=&#8221;no&#8221; css=&#8221;.vc_custom_1705714668852{background-color: #bbc4ce !important;}&#8221; woodmart_css_id=&#8221;65ab23e39017e&#8221; responsive_spacing=&#8221;eyJwYXJhbV90eXBlIjoid29vZG1hcnRfcmVzcG9uc2l2ZV9zcGFjaW5nIiwic2VsZWN0b3JfaWQiOiI2NWFiMjNlMzkwMTdlIiwic2hvcnRjb2RlIjoidmNfcm93IiwiZGF0YSI6eyJ0YWJsZXQiOnt9LCJtb2JpbGUiOnt9fX0=&#8221; mobile_bg_img_hidden=&#8221;no&#8221; tablet_bg_img_hidden=&#8221;no&#8221; woodmart_parallax=&#8221;0&#8243; woodmart_gradient_switch=&#8221;no&#8221; woodmart_box_shadow=&#8221;no&#8221; wd_z_index=&#8221;no&#8221; woodmart_disable_overflow=&#8221;0&#8243; row_reverse_mobile=&#8221;0&#8243; row_reverse_tablet=&#8221;0&#8243;][vc_column][vc_row_inner row_type=&#8221;row&#8221; type=&#8221;full_width&#8221; use_row_as_full_screen_section_slide=&#8221;no&#8221; text_align=&#8221;left&#8221; css_animation=&#8221;&#8221; box_shadow_on_row=&#8221;no&#8221;][vc_column_inner width=&#8221;1\/2&#8243;][vc_single_image image=&#8221;6567&#8243; img_size=&#8221;medium&#8221; alignment=&#8221;right&#8221; mkd_css_animation=&#8221;&#8221;][\/vc_column_inner][vc_column_inner width=&#8221;1\/2&#8243;][vc_column_text]<span style=\"font-size: 600%;\"><strong>1975<\/strong><\/span>[\/vc_column_text][vc_column_text woodmart_inline=&#8221;no&#8221; text_larger=&#8221;no&#8221;]<\/p>\n<h4><strong>First Hydraulic Shear<br \/>\nmanufactured in Argentina.<\/strong><\/h4>\n<p>[\/vc_column_text][\/vc_column_inner][\/vc_row_inner][\/vc_column][\/vc_row][vc_row css_animation=&#8221;element_from_fade&#8221; woodmart_stretch_content=&#8221;section-stretch&#8221; row_type=&#8221;row&#8221; use_row_as_full_screen_section=&#8221;yes&#8221; type=&#8221;full_width&#8221; text_align=&#8221;left&#8221; use_as_box=&#8221;use_row_as_box&#8221; background_color=&#8221;#d3dbe8&#8243; transition_delay=&#8221;1000&#8243; box_shadow_on_row=&#8221;no&#8221; css=&#8221;.vc_custom_1705714577051{background-color: #d3dbe8 !important;}&#8221; woodmart_css_id=&#8221;65ab238664599&#8243; responsive_spacing=&#8221;eyJwYXJhbV90eXBlIjoid29vZG1hcnRfcmVzcG9uc2l2ZV9zcGFjaW5nIiwic2VsZWN0b3JfaWQiOiI2NWFiMjM4NjY0NTk5Iiwic2hvcnRjb2RlIjoidmNfcm93IiwiZGF0YSI6eyJ0YWJsZXQiOnt9LCJtb2JpbGUiOnt9fX0=&#8221; mobile_bg_img_hidden=&#8221;no&#8221; tablet_bg_img_hidden=&#8221;no&#8221; woodmart_parallax=&#8221;0&#8243; woodmart_gradient_switch=&#8221;no&#8221; woodmart_box_shadow=&#8221;no&#8221; wd_z_index=&#8221;no&#8221; woodmart_disable_overflow=&#8221;0&#8243; row_reverse_mobile=&#8221;0&#8243; row_reverse_tablet=&#8221;0&#8243;][vc_column][vc_row_inner row_type=&#8221;row&#8221; type=&#8221;full_width&#8221; use_row_as_full_screen_section_slide=&#8221;no&#8221; text_align=&#8221;left&#8221; css_animation=&#8221;&#8221; box_shadow_on_row=&#8221;no&#8221;][vc_column_inner width=&#8221;1\/2&#8243;][vc_column_text]<\/p>\n<p style=\"text-align: right;\"><span style=\"font-size: 600%;\"><strong>1984<\/strong><\/span><\/p>\n<p>[\/vc_column_text][vc_column_text woodmart_inline=&#8221;no&#8221; text_larger=&#8221;no&#8221;]<\/p>\n<h4 style=\"text-align: right;\"><strong>First export to the US<br \/>\na 300 ton Press.<\/strong><\/h4>\n<p>[\/vc_column_text][\/vc_column_inner][vc_column_inner width=&#8221;1\/2&#8243;][vc_single_image image=&#8221;6561&#8243; img_size=&#8221;medium&#8221; mkd_css_animation=&#8221;&#8221;][\/vc_column_inner][\/vc_row_inner][\/vc_column][\/vc_row][vc_row css_animation=&#8221;element_from_fade&#8221; woodmart_stretch_content=&#8221;section-stretch&#8221; row_type=&#8221;row&#8221; use_row_as_full_screen_section=&#8221;yes&#8221; type=&#8221;full_width&#8221; text_align=&#8221;left&#8221; use_as_box=&#8221;use_row_as_box&#8221; background_color=&#8221;#bbc4ce&#8221; transition_delay=&#8221;1000&#8243; box_shadow_on_row=&#8221;no&#8221; css=&#8221;.vc_custom_1705714681535{background-color: #bbc4ce !important;}&#8221; woodmart_css_id=&#8221;65ab23efdb1e3&#8243; responsive_spacing=&#8221;eyJwYXJhbV90eXBlIjoid29vZG1hcnRfcmVzcG9uc2l2ZV9zcGFjaW5nIiwic2VsZWN0b3JfaWQiOiI2NWFiMjNlZmRiMWUzIiwic2hvcnRjb2RlIjoidmNfcm93IiwiZGF0YSI6eyJ0YWJsZXQiOnt9LCJtb2JpbGUiOnt9fX0=&#8221; mobile_bg_img_hidden=&#8221;no&#8221; tablet_bg_img_hidden=&#8221;no&#8221; woodmart_parallax=&#8221;0&#8243; woodmart_gradient_switch=&#8221;no&#8221; woodmart_box_shadow=&#8221;no&#8221; wd_z_index=&#8221;no&#8221; woodmart_disable_overflow=&#8221;0&#8243; row_reverse_mobile=&#8221;0&#8243; row_reverse_tablet=&#8221;0&#8243;][vc_column][vc_row_inner row_type=&#8221;row&#8221; type=&#8221;full_width&#8221; use_row_as_full_screen_section_slide=&#8221;no&#8221; text_align=&#8221;left&#8221; css_animation=&#8221;&#8221; box_shadow_on_row=&#8221;no&#8221;][vc_column_inner width=&#8221;1\/2&#8243;][vc_single_image image=&#8221;6569&#8243; img_size=&#8221;medium&#8221; alignment=&#8221;right&#8221; mkd_css_animation=&#8221;&#8221;][\/vc_column_inner][vc_column_inner width=&#8221;1\/2&#8243;][vc_column_text]<span style=\"font-size: 600%;\"><strong>1986<\/strong><\/span>[\/vc_column_text][vc_column_text woodmart_inline=&#8221;no&#8221; text_larger=&#8221;no&#8221;]<\/p>\n<h4><strong>First Hydraulic CNC Press Brake<br \/>\nmanufactured in South America.<\/strong><\/h4>\n<p>[\/vc_column_text][\/vc_column_inner][\/vc_row_inner][\/vc_column][\/vc_row][vc_row css_animation=&#8221;element_from_fade&#8221; woodmart_stretch_content=&#8221;section-stretch&#8221; row_type=&#8221;row&#8221; use_row_as_full_screen_section=&#8221;yes&#8221; type=&#8221;full_width&#8221; text_align=&#8221;left&#8221; use_as_box=&#8221;use_row_as_box&#8221; background_color=&#8221;#d3dbe8&#8243; transition_delay=&#8221;1000&#8243; box_shadow_on_row=&#8221;no&#8221; css=&#8221;.vc_custom_1705714590142{background-color: #d3dbe8 !important;}&#8221; woodmart_css_id=&#8221;65ab23957c269&#8243; responsive_spacing=&#8221;eyJwYXJhbV90eXBlIjoid29vZG1hcnRfcmVzcG9uc2l2ZV9zcGFjaW5nIiwic2VsZWN0b3JfaWQiOiI2NWFiMjM5NTdjMjY5Iiwic2hvcnRjb2RlIjoidmNfcm93IiwiZGF0YSI6eyJ0YWJsZXQiOnt9LCJtb2JpbGUiOnt9fX0=&#8221; mobile_bg_img_hidden=&#8221;no&#8221; tablet_bg_img_hidden=&#8221;no&#8221; woodmart_parallax=&#8221;0&#8243; woodmart_gradient_switch=&#8221;no&#8221; woodmart_box_shadow=&#8221;no&#8221; wd_z_index=&#8221;no&#8221; woodmart_disable_overflow=&#8221;0&#8243; row_reverse_mobile=&#8221;0&#8243; row_reverse_tablet=&#8221;0&#8243;][vc_column][vc_row_inner row_type=&#8221;row&#8221; type=&#8221;full_width&#8221; use_row_as_full_screen_section_slide=&#8221;no&#8221; text_align=&#8221;left&#8221; css_animation=&#8221;&#8221; box_shadow_on_row=&#8221;no&#8221;][vc_column_inner width=&#8221;1\/2&#8243;][vc_column_text]<\/p>\n<p style=\"text-align: right;\"><span style=\"font-size: 600%;\"><strong>2023<\/strong><\/span><\/p>\n<p>[\/vc_column_text][vc_column_text woodmart_inline=&#8221;no&#8221; text_larger=&#8221;no&#8221;]<\/p>\n<h4 style=\"text-align: right;\"><strong>More than 2500 machines manufactured,<br \/>\ninstalled throughout the world.<\/strong><\/h4>\n<p>[\/vc_column_text][\/vc_column_inner][vc_column_inner width=&#8221;1\/2&#8243;][vc_single_image image=&#8221;6570&#8243; img_size=&#8221;medium&#8221; mkd_css_animation=&#8221;&#8221;][\/vc_column_inner][\/vc_row_inner][\/vc_column][\/vc_row][vc_row row_type=&#8221;row&#8221; use_row_as_full_screen_section=&#8221;no&#8221; type=&#8221;grid&#8221; text_align=&#8221;left&#8221; padding_top=&#8221;60&#8243; padding_bottom=&#8221;60&#8243; box_shadow_on_row=&#8221;no&#8221; css=&#8221;.vc_custom_1705714783019{padding-top: 40px !important;padding-bottom: 40px !important;}&#8221; woodmart_css_id=&#8221;65ab245636a5b&#8221; responsive_spacing=&#8221;eyJwYXJhbV90eXBlIjoid29vZG1hcnRfcmVzcG9uc2l2ZV9zcGFjaW5nIiwic2VsZWN0b3JfaWQiOiI2NWFiMjQ1NjM2YTViIiwic2hvcnRjb2RlIjoidmNfcm93IiwiZGF0YSI6eyJ0YWJsZXQiOnt9LCJtb2JpbGUiOnt9fX0=&#8221; mobile_bg_img_hidden=&#8221;no&#8221; tablet_bg_img_hidden=&#8221;no&#8221; woodmart_parallax=&#8221;0&#8243; woodmart_gradient_switch=&#8221;no&#8221; woodmart_box_shadow=&#8221;no&#8221; wd_z_index=&#8221;no&#8221; woodmart_disable_overflow=&#8221;0&#8243; row_reverse_mobile=&#8221;0&#8243; row_reverse_tablet=&#8221;0&#8243;][vc_column width=&#8221;1\/2&#8243;][vc_column_text woodmart_inline=&#8221;no&#8221; text_larger=&#8221;no&#8221;]<strong>Our line of presses includes designs for the most varied industrial applications:<\/strong><\/p>\n<p>Stamping, embossing, punching, straightening, forging, bending, hot forming, wood industry, brake lining, grinding wheels, rubber molding, die-cutting, etc.<\/p>\n<p>In 1971, <strong>ITURROSPE<\/strong> designed and manufactured the first hydraulic press brake in Argentina (alse the first with CNC in 1986), followed in 1975 by the first hydraulic shear[\/vc_column_text][\/vc_column][vc_column width=&#8221;1\/2&#8243; el_class=&#8221;Desde el a\u00f1o 2009, JOSE ITURROSPE; extendiendo su alcance; adquiri\u00f3 la representaci\u00f3n oficial de la firma HENNECKE para la provisi\u00f3n en Sudam\u00e9rica y Cuba de m\u00e1quinas inyectoras y l\u00edneas de producci\u00f3n de PU de la firma de origen alem\u00e1n. Adem\u00e1s de estar en todos los rincones de Argentina JOSE ITURROSPE exporta sus productos desde hace 50 a\u00f1os a pa\u00edses tales como: Brasil, Bolivia, Chile, Colombia, Ecuador, Paraguay, Per\u00fa, Uruguay, Venezuela, Canad\u00e1, EEUU, M\u00e9xico, Cuba y T\u00fanez. Durante m\u00e1s de 65 a\u00f1os, la empresa ha experimentado numerosos cambios en su estructura, funcionamiento y servicios, manteniendo siempre el principio fundamental de otorgar la m\u00e1s alta calidad a todos sus productos.&#8221;][vc_column_text woodmart_inline=&#8221;no&#8221; text_larger=&#8221;no&#8221;]<\/p>\n<p>Since 2009, JOSE ITURROSPE SAIC; extending its scope of supply sealed a commercial agreement with HENNECKE GmbH from Germany for sales and distribution in Argentina of polyurethane injection machines and production lines.<\/p>\n<p>JOSE ITURROSPE SAIC has been exporting its products for more than 50 years to all south american countries as well as Canada, USA, Mexico, Cuba and Tunisia.<\/p>\n<p>Throughout its history, the company has experienced numerous changes in its structure, operations and service, always keeping the fundamental principle of aiming at the highest quality on all its products.[\/vc_column_text][\/vc_column][\/vc_row][vc_row row_type=&#8221;row&#8221; use_row_as_full_screen_section=&#8221;no&#8221; type=&#8221;full_width&#8221; text_align=&#8221;center&#8221; padding_bottom=&#8221;60&#8243; box_shadow_on_row=&#8221;no&#8221;][vc_column]<div id=\"wd-65ab269827bad\" class=\" wd-rs-65ab269827bad   wd-rs-65ab269827bad wd-button-wrapper text-center\"><a href=\"#videoinstitucional\" title=\"\" class=\"btn btn-color-primary btn-style-default btn-style-rectangle btn-size-default wd-open-popup  btn-icon-pos-right\">Company video<span class=\"wd-btn-icon\"><span class=\"wd-icon fab fa-youtube\"><\/span><\/span><\/a><\/div><div id=\"videoinstitucional\" class=\"mfp-with-anim wd-popup wd-popup-element mfp-hide\" style=\"max-width:800px;padding:0px;\"><div class=\"wd-popup-inner\">[vc_video link=&#8221;https:\/\/www.youtube.com\/watch?v=qVyKFsKXceg&#8221; woodmart_css_id=&#8221;65ab26a3522e3&#8243; image_poster_switch=&#8221;no&#8221;]<\/div><\/div>[\/vc_column][\/vc_row]<\/p>\n<\/div>","protected":false},"excerpt":{"rendered":"<p>[vc_row css_animation=&#8221;fadeIn&#8221; woodmart_stretch_content=&#8221;section-stretch&#8221; row_type=&#8221;row&#8221; use_row_as_full_screen_section=&#8221;no&#8221; type=&#8221;full_width&#8221; text_align=&#8221;center&#8221; use_as_box=&#8221;use_row_as_box&#8221; background_color=&#8221;#005288&#8243; padding_top=&#8221;20&#8243; padding_bottom=&#8221;50&#8243; box_shadow_on_row=&#8221;no&#8221; css=&#8221;.vc_custom_1705714769313{padding-top: 40px !important;padding-bottom: 40px !important;background-color: #005288 !important;}&#8221; woodmart_css_id=&#8221;65ab2449be043&#8243;<\/p>\n","protected":false},"author":1,"featured_media":0,"parent":0,"menu_order":0,"comment_status":"closed","ping_status":"closed","template":"","meta":{"_acf_changed":false,"footnotes":""},"class_list":["post-6133","page","type-page","status-publish","hentry"],"acf":[],"_links":{"self":[{"href":"https:\/\/iturrospe.com.ar\/en\/wp-json\/wp\/v2\/pages\/6133"}],"collection":[{"href":"https:\/\/iturrospe.com.ar\/en\/wp-json\/wp\/v2\/pages"}],"about":[{"href":"https:\/\/iturrospe.com.ar\/en\/wp-json\/wp\/v2\/types\/page"}],"author":[{"embeddable":true,"href":"https:\/\/iturrospe.com.ar\/en\/wp-json\/wp\/v2\/users\/1"}],"replies":[{"embeddable":true,"href":"https:\/\/iturrospe.com.ar\/en\/wp-json\/wp\/v2\/comments?post=6133"}],"version-history":[{"count":111,"href":"https:\/\/iturrospe.com.ar\/en\/wp-json\/wp\/v2\/pages\/6133\/revisions"}],"predecessor-version":[{"id":7876,"href":"https:\/\/iturrospe.com.ar\/en\/wp-json\/wp\/v2\/pages\/6133\/revisions\/7876"}],"wp:attachment":[{"href":"https:\/\/iturrospe.com.ar\/en\/wp-json\/wp\/v2\/media?parent=6133"}],"curies":[{"name":"wp","href":"https:\/\/api.w.org\/{rel}","templated":true}]}}