{"id":7955,"date":"2024-10-16T13:31:35","date_gmt":"2024-10-16T16:31:35","guid":{"rendered":"https:\/\/iturrospe.com.ar\/?page_id=7955"},"modified":"2024-10-16T13:31:35","modified_gmt":"2024-10-16T16:31:35","slug":"fabtech-orlando-15-al-17-de-octubre","status":"publish","type":"page","link":"https:\/\/iturrospe.com.ar\/pb\/fabtech-orlando-15-al-17-de-octubre\/","title":{"rendered":"Fabtech Orlando 15 a 17 de outubro"},"content":{"rendered":"<p>Visite-nos para ver os nossos mais recentes produtos em a\u00e7\u00e3o e saiba como podemos ajudar o seu neg\u00f3cio a prosperar.<\/p>\n<p>Fale conosco no estande W3851 da WEST BUILDING<\/p>\n<p><img loading=\"lazy\" decoding=\"async\" class=\"alignnone size-medium wp-image-7958\" src=\"http:\/\/iturrospe.com.ar\/wp-content\/uploads\/2024\/10\/Fabtech-dia-2-2-225x300.jpeg\" alt=\"\" width=\"225\" height=\"300\" srcset=\"https:\/\/iturrospe.com.ar\/wp-content\/uploads\/2024\/10\/Fabtech-dia-2-2-225x300.jpeg 225w, https:\/\/iturrospe.com.ar\/wp-content\/uploads\/2024\/10\/Fabtech-dia-2-2-768x1024.jpeg 768w, https:\/\/iturrospe.com.ar\/wp-content\/uploads\/2024\/10\/Fabtech-dia-2-2-1152x1536.jpeg 1152w, https:\/\/iturrospe.com.ar\/wp-content\/uploads\/2024\/10\/Fabtech-dia-2-2.jpeg 1200w\" sizes=\"(max-width: 225px) 100vw, 225px\" \/><\/p>","protected":false},"excerpt":{"rendered":"<p>Visite-nos para ver os nossos mais recentes produtos em a\u00e7\u00e3o e saiba como podemos ajudar o seu neg\u00f3cio a prosperar.<\/p>\n","protected":false},"author":5,"featured_media":7959,"parent":0,"menu_order":0,"comment_status":"closed","ping_status":"closed","template":"","meta":{"_acf_changed":false,"footnotes":""},"class_list":["post-7955","page","type-page","status-publish","has-post-thumbnail","hentry"],"acf":[],"_links":{"self":[{"href":"https:\/\/iturrospe.com.ar\/pb\/wp-json\/wp\/v2\/pages\/7955"}],"collection":[{"href":"https:\/\/iturrospe.com.ar\/pb\/wp-json\/wp\/v2\/pages"}],"about":[{"href":"https:\/\/iturrospe.com.ar\/pb\/wp-json\/wp\/v2\/types\/page"}],"author":[{"embeddable":true,"href":"https:\/\/iturrospe.com.ar\/pb\/wp-json\/wp\/v2\/users\/5"}],"replies":[{"embeddable":true,"href":"https:\/\/iturrospe.com.ar\/pb\/wp-json\/wp\/v2\/comments?post=7955"}],"version-history":[{"count":2,"href":"https:\/\/iturrospe.com.ar\/pb\/wp-json\/wp\/v2\/pages\/7955\/revisions"}],"predecessor-version":[{"id":7960,"href":"https:\/\/iturrospe.com.ar\/pb\/wp-json\/wp\/v2\/pages\/7955\/revisions\/7960"}],"wp:featuredmedia":[{"embeddable":true,"href":"https:\/\/iturrospe.com.ar\/pb\/wp-json\/wp\/v2\/media\/7959"}],"wp:attachment":[{"href":"https:\/\/iturrospe.com.ar\/pb\/wp-json\/wp\/v2\/media?parent=7955"}],"curies":[{"name":"wp","href":"https:\/\/api.w.org\/{rel}","templated":true}]}}